{"id":60,"date":"2025-12-12T04:52:30","date_gmt":"2025-12-12T07:52:30","guid":{"rendered":"http:\/\/wug.kultur-medien-erinnerung.org\/?page_id=60"},"modified":"2026-03-28T21:16:04","modified_gmt":"2026-03-29T00:16:04","slug":"was-wir-machen","status":"publish","type":"page","link":"http:\/\/wug.kultur-medien-erinnerung.org\/?page_id=60","title":{"rendered":"Wissenschaft, Didaktik und Praxis"},"content":{"rendered":"\n<div class=\"wp-block-group is-layout-constrained wp-block-group-is-layout-constrained\">\n<p class=\"has-text-align-left has-spline-sans-font-family\">Das Wissensnetzwerk m\u00f6chte interdisziplin\u00e4re Forschung \u00fcber das Ph\u00e4nomen des rechten Geschichtsrevisionismus vorantreiben. Die zentralen Fallbeispiele sind Argentinien, Deutschland und Spanien.<\/p>\n\n\n\n<p>Ein besonderes Merkmal des Projekts ist die enge Zusammenarbeit zwischen Wissenschaft, Didaktik und Praxis: Gemeinsam mit Bildungseinrichtungen, kulturellen Institutionen und zivilgesellschaftlichen Organisationen entwickeln wir praxisnahe Gegenstrategien und Vermittlungskonzepte. Das Netzwerk \u201cUmk\u00e4mpfte Geschichte(n)\u201d leistet damit einen wesentlichen Beitrag zum Schutz demokratischer Werte in Zeiten politischer Polarisierung und tr\u00e4gt zur Entwicklung einer widerstandsf\u00e4higen, pluralistischen und inklusiven Erinnerungskultur bei.<\/p>\n\n\n\n<ul class=\"wp-block-list\">\n<li>Herausforderungen der historisch-politischen, der kulturell-\u00e4sthetischen Medien-Bildung im digitalen Zeitalter in schulischen, universit\u00e4ren und zivilgesellschaftlichen Kontexten.<\/li>\n<\/ul>\n\n\n\n<ul class=\"wp-block-list\">\n<li>Vergleichende Perspektiven auf die Fallbeispiele Argentinien, Deutschland, Spanien, die unterschiedlichen \u00e4sthetischen und politischen Erinnerungskulturen.<\/li>\n<\/ul>\n\n\n\n<ul class=\"wp-block-list\">\n<li>Die Rolle der Medialit\u00e4t in der Vermittlung von Geschichtsbildern.<\/li>\n<\/ul>\n\n\n\n<ul class=\"wp-block-list\">\n<li>Zeitkonzepte und Geschichtsbilder der extremen Rechten.<\/li>\n<\/ul>\n\n\n\n<ul class=\"wp-block-list\">\n<li>Demokratisch-inklusive Vermittlung und Pluralit\u00e4t von Erinnerungskulturen.<\/li>\n<\/ul>\n\n\n\n<ul class=\"wp-block-list\">\n<li>Geschichte im Spannungsfeld von Fiktionalem und Faktualem.<\/li>\n<\/ul>\n\n\n\n<ul class=\"wp-block-list\">\n<li>Medien- und kulturwissenschaftliche Perspektiven auf Geschichtsbilder in Roman, Film, Journalismus, Fotografie und sozialen Medien wie TikTok.<\/li>\n<\/ul>\n\n\n\n<ul class=\"wp-block-list\">\n<li>Herausforderungen demokratischer Bildung in neuen Medienumgebungen.<\/li>\n<\/ul>\n\n\n\n<ul class=\"wp-block-list\">\n<li>Visual\/Media Literacy und Geschichtskompetenz:<\/li>\n<\/ul>\n\n\n\n<ul class=\"wp-block-list\">\n<li>Kulturwissenschaftliche Theorien des Geschichtsrevisionismus.<\/li>\n<\/ul>\n\n\n\n<p class=\"has-text-align-left has-spline-sans-font-family\"><\/p>\n<\/div>\n","protected":false},"excerpt":{"rendered":"<p>Das Wissensnetzwerk m\u00f6chte interdisziplin\u00e4re Forschung \u00fcber das Ph\u00e4nomen des rechten Geschichtsrevisionismus vorantreiben. Die zentralen Fallbeispiele sind Argentinien, Deutschland und Spanien. Ein besonderes Merkmal des Projekts ist die enge Zusammenarbeit zwischen Wissenschaft, Didaktik und Praxis: Gemeinsam mit Bildungseinrichtungen, kulturellen Institutionen und zivilgesellschaftlichen Organisationen entwickeln wir praxisnahe Gegenstrategien und Vermittlungskonzepte. Das Netzwerk \u201cUmk\u00e4mpfte Geschichte(n)\u201d leistet damit einen [&hellip;]<\/p>\n","protected":false},"author":1,"featured_media":0,"parent":0,"menu_order":0,"comment_status":"closed","ping_status":"closed","template":"","meta":{"ngg_post_thumbnail":0,"_themeisle_gutenberg_block_has_review":false,"footnotes":""},"class_list":["post-60","page","type-page","status-publish","hentry"],"_links":{"self":[{"href":"http:\/\/wug.kultur-medien-erinnerung.org\/index.php?rest_route=\/wp\/v2\/pages\/60","targetHints":{"allow":["GET"]}}],"collection":[{"href":"http:\/\/wug.kultur-medien-erinnerung.org\/index.php?rest_route=\/wp\/v2\/pages"}],"about":[{"href":"http:\/\/wug.kultur-medien-erinnerung.org\/index.php?rest_route=\/wp\/v2\/types\/page"}],"author":[{"embeddable":true,"href":"http:\/\/wug.kultur-medien-erinnerung.org\/index.php?rest_route=\/wp\/v2\/users\/1"}],"replies":[{"embeddable":true,"href":"http:\/\/wug.kultur-medien-erinnerung.org\/index.php?rest_route=%2Fwp%2Fv2%2Fcomments&post=60"}],"version-history":[{"count":11,"href":"http:\/\/wug.kultur-medien-erinnerung.org\/index.php?rest_route=\/wp\/v2\/pages\/60\/revisions"}],"predecessor-version":[{"id":264,"href":"http:\/\/wug.kultur-medien-erinnerung.org\/index.php?rest_route=\/wp\/v2\/pages\/60\/revisions\/264"}],"wp:attachment":[{"href":"http:\/\/wug.kultur-medien-erinnerung.org\/index.php?rest_route=%2Fwp%2Fv2%2Fmedia&parent=60"}],"curies":[{"name":"wp","href":"https:\/\/api.w.org\/{rel}","templated":true}]}}