{"id":57,"date":"2025-12-12T04:51:51","date_gmt":"2025-12-12T07:51:51","guid":{"rendered":"http:\/\/wug.kultur-medien-erinnerung.org\/?page_id=57"},"modified":"2026-03-28T20:55:21","modified_gmt":"2026-03-28T23:55:21","slug":"wer-sind-wir-kontakt","status":"publish","type":"page","link":"http:\/\/wug.kultur-medien-erinnerung.org\/?page_id=57","title":{"rendered":"Wer sind wir"},"content":{"rendered":"\n<div class=\"wp-block-group is-layout-constrained wp-block-group-is-layout-constrained\">\n<p class=\"has-text-align-left\">Das Wissensnetzwerk &#8220;Umk\u00e4mpfte Geschichte(n)&#8221; ist ein offener Arbeitszusammenhang, der 2025 seine Arbeit aufgenommen hat, um rechten Geschichtsrevisionismus ausgehend von komparatistischen und multidisziplin\u00e4ren Perspektiven zu untersuchen.&nbsp;<\/p>\n\n\n\n<p class=\"has-text-align-left\"><strong>Gr\u00fcndungsmitglieder des Wissenschaftsnetzwerks &#8220;Umk\u00e4mpfte Geschichte(n)&#8221;:<\/strong><\/p>\n\n\n\n<ul class=\"wp-block-list\">\n<li><a href=\"https:\/\/www.uni-kassel.de\/fb02\/institute\/romanistik\/personen\/detail.html?tx_ukpersons_personfunctiondetail[personFunction]=198&amp;cHash=6b530b51685a7998300a22f3aae546af\" target=\"_blank\" rel=\"noreferrer noopener\">PD. Dr. Patrick Eser<\/a> (Universit\u00e4t Kassel\/Unversidad Buenos Aires) (Sprecher des Netzwerks).<\/li>\n<\/ul>\n\n\n\n<ul class=\"wp-block-list\">\n<li><a href=\"https:\/\/www.uni-giessen.de\/de\/fbz\/fb01\/professuren-forschung\/professuren\/peters\/team\/professurleitung\/content\" target=\"_blank\" rel=\"noreferrer noopener\">Prof. Dr. Stefan Peters<\/a> (Justus Liebig Universit\u00e4t Gie\u00dfen\/CAPAZ-Bogot\u00e1).<\/li>\n<\/ul>\n\n\n\n<ul class=\"wp-block-list\">\n<li><a href=\"https:\/\/www.uni-marburg.de\/de\/fb06\/didaktik-der-geschichte\/team\/personenseiten\/prof-christa-bruening\" data-type=\"link\" data-id=\"https:\/\/www.uni-marburg.de\/de\/fb06\/didaktik-der-geschichte\/team\/personenseiten\/prof-christa-bruening\" target=\"_blank\" rel=\"noreferrer noopener\">Prof. Dr. Christina Br\u00fcning<\/a> (Philipps Universit\u00e4t Marburg).<\/li>\n<\/ul>\n\n\n\n<p>Kontakt:\u00a0Gabriele Spitzinger &#8211; gspitzingeratuni-kassel.de<\/p>\n<\/div>\n","protected":false},"excerpt":{"rendered":"<p>Das Wissensnetzwerk &#8220;Umk\u00e4mpfte Geschichte(n)&#8221; ist ein offener Arbeitszusammenhang, der 2025 seine Arbeit aufgenommen hat, um rechten Geschichtsrevisionismus ausgehend von komparatistischen und multidisziplin\u00e4ren Perspektiven zu untersuchen.&nbsp; Gr\u00fcndungsmitglieder des Wissenschaftsnetzwerks &#8220;Umk\u00e4mpfte Geschichte(n)&#8221;: Kontakt:\u00a0Gabriele Spitzinger &#8211; gspitzingeratuni-kassel.de<\/p>\n","protected":false},"author":1,"featured_media":0,"parent":0,"menu_order":0,"comment_status":"closed","ping_status":"closed","template":"","meta":{"ngg_post_thumbnail":0,"_themeisle_gutenberg_block_has_review":false,"footnotes":""},"class_list":["post-57","page","type-page","status-publish","hentry"],"_links":{"self":[{"href":"http:\/\/wug.kultur-medien-erinnerung.org\/index.php?rest_route=\/wp\/v2\/pages\/57","targetHints":{"allow":["GET"]}}],"collection":[{"href":"http:\/\/wug.kultur-medien-erinnerung.org\/index.php?rest_route=\/wp\/v2\/pages"}],"about":[{"href":"http:\/\/wug.kultur-medien-erinnerung.org\/index.php?rest_route=\/wp\/v2\/types\/page"}],"author":[{"embeddable":true,"href":"http:\/\/wug.kultur-medien-erinnerung.org\/index.php?rest_route=\/wp\/v2\/users\/1"}],"replies":[{"embeddable":true,"href":"http:\/\/wug.kultur-medien-erinnerung.org\/index.php?rest_route=%2Fwp%2Fv2%2Fcomments&post=57"}],"version-history":[{"count":11,"href":"http:\/\/wug.kultur-medien-erinnerung.org\/index.php?rest_route=\/wp\/v2\/pages\/57\/revisions"}],"predecessor-version":[{"id":261,"href":"http:\/\/wug.kultur-medien-erinnerung.org\/index.php?rest_route=\/wp\/v2\/pages\/57\/revisions\/261"}],"wp:attachment":[{"href":"http:\/\/wug.kultur-medien-erinnerung.org\/index.php?rest_route=%2Fwp%2Fv2%2Fmedia&parent=57"}],"curies":[{"name":"wp","href":"https:\/\/api.w.org\/{rel}","templated":true}]}}